{"id":206,"date":"2023-07-28T22:37:57","date_gmt":"2023-07-28T20:37:57","guid":{"rendered":"http:\/\/centrum-teleinformatyki.pl\/?post_type=product&#038;p=206"},"modified":"2023-07-28T22:37:57","modified_gmt":"2023-07-28T20:37:57","slug":"tutaj-wpisujemy-tytul-produktu","status":"publish","type":"product","link":"https:\/\/centrum-teleinformatyki.pl\/?product=tutaj-wpisujemy-tytul-produktu","title":{"rendered":"Tutaj wpisujemy tytu\u0142 produktu"},"content":{"rendered":"","protected":false},"excerpt":{"rendered":"<p>Tutaj piszemy jaki chcemy doda\u0107 opis do produktu np. specyfikacj\u0119<\/p>\n","protected":false},"featured_media":186,"comment_status":"open","ping_status":"closed","template":"","meta":[],"product_cat":[30,19],"product_tag":[],"class_list":{"0":"post-206","1":"product","2":"type-product","3":"status-publish","4":"has-post-thumbnail","6":"product_cat-systemy-dahno","7":"product_cat-systemy-monitoringu-wizyjnego","9":"first","10":"instock","11":"shipping-taxable","12":"product-type-simple"},"_links":{"self":[{"href":"https:\/\/centrum-teleinformatyki.pl\/index.php?rest_route=\/wp\/v2\/product\/206","targetHints":{"allow":["GET"]}}],"collection":[{"href":"https:\/\/centrum-teleinformatyki.pl\/index.php?rest_route=\/wp\/v2\/product"}],"about":[{"href":"https:\/\/centrum-teleinformatyki.pl\/index.php?rest_route=\/wp\/v2\/types\/product"}],"replies":[{"embeddable":true,"href":"https:\/\/centrum-teleinformatyki.pl\/index.php?rest_route=%2Fwp%2Fv2%2Fcomments&post=206"}],"wp:featuredmedia":[{"embeddable":true,"href":"https:\/\/centrum-teleinformatyki.pl\/index.php?rest_route=\/wp\/v2\/media\/186"}],"wp:attachment":[{"href":"https:\/\/centrum-teleinformatyki.pl\/index.php?rest_route=%2Fwp%2Fv2%2Fmedia&parent=206"}],"wp:term":[{"taxonomy":"product_cat","embeddable":true,"href":"https:\/\/centrum-teleinformatyki.pl\/index.php?rest_route=%2Fwp%2Fv2%2Fproduct_cat&post=206"},{"taxonomy":"product_tag","embeddable":true,"href":"https:\/\/centrum-teleinformatyki.pl\/index.php?rest_route=%2Fwp%2Fv2%2Fproduct_tag&post=206"}],"curies":[{"name":"wp","href":"https:\/\/api.w.org\/{rel}","templated":true}]}}