{"id":237,"date":"2023-10-05T12:21:37","date_gmt":"2023-10-05T10:21:37","guid":{"rendered":"http:\/\/centrum-teleinformatyki.pl\/?post_type=product&#038;p=237"},"modified":"2023-10-05T12:21:37","modified_gmt":"2023-10-05T10:21:37","slug":"kx-ns1000-serwer-telekomunikacyjny-panasonic","status":"publish","type":"product","link":"https:\/\/centrum-teleinformatyki.pl\/?product=kx-ns1000-serwer-telekomunikacyjny-panasonic","title":{"rendered":"KX-NS1000 Serwer telekomunikacyjny Panasonic"},"content":{"rendered":"<p><strong>KX-NS1000<\/strong><\/p>\n<p>KX-NS1000 to profesjonalny i w pe\u0142ni skalowalny serwer telekomunikacyjny Pure-IP dedykowany dla wi\u0119kszych przedsi\u0119biorstw, posiadaj\u0105cych jedn\u0105 lub wi\u0119cej lokalizacji w\u0142asnych oddzia\u0142\u00f3w. Dzi\u0119ki doskona\u0142ej technologii firmy Panasonic sprz\u0119t ten pozwala tak\u017ce na zastosowanie go jako hybrydowa centrala PBX w pe\u0142ni kompatybilna ze starszymi rozwi\u0105zaniami konstrukcyjnymi. Dzi\u0119ki temu Klienci wymieniaj\u0105cy starszy sprz\u0119t na najnowsze rozwi\u0105zania konstrukcyjne mog\u0105 to zrobi\u0107 bez olbrzymich nak\u0142ad\u00f3w finansowych. Generalnie produkt ten dedykowany jest dla firm obs\u0142uguj\u0105cych powy\u017cej 150 pracownik\u00f3w, i mo\u017cna go elastycznie konfigurowa\u0107 stosownie do konkretnych wymaga\u0144 firmy. Dodatkowe opcje rozbudowy sprz\u0119tu (modu\u0142y, karty, licencje, i starsze modele central) pozwalaj\u0105 zwi\u0119kszy\u0107 liczb\u0119 obs\u0142ugiwanych linii miejskich i wewn\u0119trznych, a je\u015bli i to b\u0119dzie za ma\u0142o, to stosuj\u0105c funkcje sieciowania mo\u017cna system powi\u0119kszy\u0107 do np. 8000 linii. U\u017cytkownicy tego serwera VoIP mog\u0105 by\u0107 rozlokowani po ca\u0142ym \u015bwiecie korzystaj\u0105c z wewn\u0119trznej bezp\u0142atnej \u0142\u0105czno\u015bci za pomoc\u0105 internetu.<\/p>\n<p><strong>Najwa\u017cniejsze cechy KX-NS1000:<\/strong><\/p>\n<p>Serwer komunikacyjny przeznaczony do pracy w sieci SIP i IP o wysokiej wydajno\u015bci<\/p>\n<p>Bezpo\u015brednia obs\u0142uga 1000 u\u017cytkownik\u00f3w SIP z obs\u0142ug\u0105 d\u017awi\u0119ku Audio-HD<\/p>\n<p>Obs\u0142uga 128 u\u017cytkownik\u00f3w aparat\u00f3w systemowych IP-PT<\/p>\n<p>Obs\u0142uga 256 linii miejskich SIP oraz linii H.323, PSTN, BRI i PRI<\/p>\n<p>Obs\u0142uga 512 s\u0142uchawek DECT<\/p>\n<p>Serwer faks\u00f3w Super G3 z wysy\u0142k\u0105 otrzymanych dokument\u00f3w na e-mail<\/p>\n<p>Mo\u017cliwo\u015b\u0107 wysy\u0142ania faks\u00f3w bezpo\u015brednio z komputera<\/p>\n<p>Wbudowane funkcje ujednoliconej obs\u0142ugi wiadomo\u015bci g\u0142osowych, DISA oraz IVR<\/p>\n<p>Wbudowany system rejestracji tre\u015bci rozm\u00f3w telefonicznych<\/p>\n<p>Wbudowany serwer aplikacji Communication Assistant<\/p>\n<p>Wbudowane aktywne licencje dla 128 u\u017cytkownik\u00f3w aplikacji Communication Assistant Basic-Expres<\/p>\n<p>W pe\u0142ni przejrzyste sieciowanie system\u00f3w w rozproszonych lokalizacjach<\/p>\n<p>Zaawansowana skalowalno\u015b\u0107 oraz funkcje sieciowe na \u017c\u0105danie<\/p>\n<p>Wbudowane trzy porty Ethernet (10Base-T \/ 100Base-TX \/ 1000-Base-T Auto MDI\/MDI-X)<\/p>\n<p>Wbudowany port USB oraz RS-232<\/p>\n<p>Wbudowane gniazdo audio wej\u015bcie i wyj\u015bcie<\/p>\n<p>Obs\u0142uga nowoczesnych telefon\u00f3w systemowych serii KX-NT oraz telefon\u00f3w SIP serii KX-UT i KX-TGP<\/p>\n<p>Obs\u0142uga wielokana\u0142owego systemu bezprzewodowego DECT-IP oraz DECT-SIP<\/p>\n","protected":false},"excerpt":{"rendered":"<p>KX-NS1000 KX-NS1000 to profesjonalny i w pe\u0142ni skalowalny serwer telekomunikacyjny Pure-IP dedykowany dla wi\u0119kszych przedsi\u0119biorstw, posiadaj\u0105cych jedn\u0105 lub wi\u0119cej lokalizacji w\u0142asnych oddzia\u0142\u00f3w. Dzi\u0119ki doskona\u0142ej technologii firmy Panasonic sprz\u0119t ten pozwala tak\u017ce na zastosowanie go jako hybrydowa centrala PBX w pe\u0142ni kompatybilna ze starszymi rozwi\u0105zaniami konstrukcyjnymi. Dzi\u0119ki temu Klienci wymieniaj\u0105cy starszy sprz\u0119t na najnowsze rozwi\u0105zania konstrukcyjne [&hellip;]<\/p>\n","protected":false},"featured_media":238,"comment_status":"closed","ping_status":"closed","template":"","meta":[],"product_cat":[17,23],"product_tag":[],"class_list":{"0":"post-237","1":"product","2":"type-product","3":"status-publish","4":"has-post-thumbnail","6":"product_cat-telekomunikacja","7":"product_cat-centrala-i-serwery-telekomunikacyjne","9":"first","10":"instock","11":"shipping-taxable","12":"product-type-simple"},"_links":{"self":[{"href":"https:\/\/centrum-teleinformatyki.pl\/index.php?rest_route=\/wp\/v2\/product\/237","targetHints":{"allow":["GET"]}}],"collection":[{"href":"https:\/\/centrum-teleinformatyki.pl\/index.php?rest_route=\/wp\/v2\/product"}],"about":[{"href":"https:\/\/centrum-teleinformatyki.pl\/index.php?rest_route=\/wp\/v2\/types\/product"}],"replies":[{"embeddable":true,"href":"https:\/\/centrum-teleinformatyki.pl\/index.php?rest_route=%2Fwp%2Fv2%2Fcomments&post=237"}],"wp:featuredmedia":[{"embeddable":true,"href":"https:\/\/centrum-teleinformatyki.pl\/index.php?rest_route=\/wp\/v2\/media\/238"}],"wp:attachment":[{"href":"https:\/\/centrum-teleinformatyki.pl\/index.php?rest_route=%2Fwp%2Fv2%2Fmedia&parent=237"}],"wp:term":[{"taxonomy":"product_cat","embeddable":true,"href":"https:\/\/centrum-teleinformatyki.pl\/index.php?rest_route=%2Fwp%2Fv2%2Fproduct_cat&post=237"},{"taxonomy":"product_tag","embeddable":true,"href":"https:\/\/centrum-teleinformatyki.pl\/index.php?rest_route=%2Fwp%2Fv2%2Fproduct_tag&post=237"}],"curies":[{"name":"wp","href":"https:\/\/api.w.org\/{rel}","templated":true}]}}