{"id":239,"date":"2023-10-05T12:23:14","date_gmt":"2023-10-05T10:23:14","guid":{"rendered":"http:\/\/centrum-teleinformatyki.pl\/?post_type=product&#038;p=239"},"modified":"2023-10-05T12:23:14","modified_gmt":"2023-10-05T10:23:14","slug":"kx-nsv300-wirtualny-serwer-telekomunikacyjny-panasonic","status":"publish","type":"product","link":"https:\/\/centrum-teleinformatyki.pl\/?product=kx-nsv300-wirtualny-serwer-telekomunikacyjny-panasonic","title":{"rendered":"KX-NSV300 Wirtualny serwer telekomunikacyjny Panasonic"},"content":{"rendered":"<p><strong>KX-NSV300<\/strong><\/p>\n<p><strong>\u00a0<\/strong><\/p>\n<p><strong>Po\u0142\u0105czenie najwi\u0119kszych zalet obu tych \u015bwiat\u00f3w<\/strong><\/p>\n<p><strong>\u00a0<\/strong><\/p>\n<p>Programowy system komunikacji KX-NSV300 firmy Panasonic zosta\u0142 stworzony, aby sprosta\u0107 wymaganiom wsp\u00f3\u0142czesnych elastycznych \u015brodowisk pracy. \u0141\u0105czy \u015bwiat rzeczywisty z wirtualnym, zapewniaj\u0105c zupe\u0142nie nowy poziom komunikacji.<\/p>\n<p>System KX-NSV300 umo\u017cliwia przej\u015bcie ze sprz\u0119towego serwera komunikacji biznesowej do programowego systemu komunikacji bez obni\u017cania niezawodno\u015bci ani wydajno\u015bci, z kt\u00f3rej s\u0142ynie firma Panasonic. Jest to kompleksowe rozwi\u0105zanie: z pe\u0142nymi funkcjami, bazuj\u0105ce na niezawodnej wiedzy i zapewniaj\u0105ce niezr\u00f3wnane \u015brodowisko u\u017cytkownika \u2014 a jednocze\u015bnie szybsze i bardziej elastyczne ni\u017c kiedykolwiek wcze\u015bniej.<\/p>\n<p>Pozwala to sprawnie po\u0142\u0105czy\u0107 rzeczywisto\u015b\u0107 wirtualn\u0105 ze \u015bwiatem realnym i stworzy\u0107 miejsce pracy, w kt\u00f3rym wszystko dzia\u0142a p\u0142ynnie. Mechanizm, kt\u00f3ry to umo\u017cliwia, dzia\u0142a sprawnie w tle i nie trzeba si\u0119 martwi\u0107 o \u017cadne przerwy czy zak\u0142\u00f3cenia dzia\u0142ania. To doskona\u0142e wkomponowanie wirtualno\u015bci w rzeczywisto\u015b\u0107, kt\u00f3re zapewnia najwi\u0119ksze zalety obu \u015bwiat\u00f3w.<\/p>\n<p>Konserwacj\u0119 systemu KX-NSV300 mo\u017ce zdalnie przeprowadza\u0107 in\u017cynier serwisu technicznego. Us\u0142uga zdalna firmy Panasonic zapewnia in\u017cynierom bezpieczny dost\u0119p do systemu klienta, z dowolnego miejsca i o dowolnej porze, co pozwala na szybkie wdra\u017canie w systemie zmian i aktualizacji. Konserwacja systemu KX-NSV300 przebiega elastycznie i sprawnie, dzi\u0119ki czemu klient ma pewno\u015b\u0107, \u017ce nie ma w tym zakresie \u017cadnych zaleg\u0142o\u015bci.<\/p>\n<p>Wielostrefowy system bezprzewodowy umo\u017cliwia odbieranie po\u0142\u0105cze\u0144 w dowolnym miejscu na terenie plac\u00f3wki. Pozwala to ograniczy\u0107 czas oczekiwania, a tak\u017ce daje klientom mo\u017cliwo\u015b\u0107 rozmowy z w\u0142a\u015bciw\u0105 osob\u0105 i o odpowiedniej porze. Zyskujesz r\u00f3wnie\u017c mo\u017cliwo\u015b\u0107 \u0142atwego prze\u0142\u0105czania si\u0119 mi\u0119dzy telefonem biurkowym a urz\u0105dzeniem przeno\u015bnym bez przerywania rozmowy. Co wi\u0119cej, opcje u\u0142atwiaj\u0105ce znajdowanie telefon\u00f3w DECT pozwalaj\u0105 na udost\u0119pnianie rozmowy wielu uczestnikom.<\/p>\n<p><strong>Wiele urz\u0105dze\u0144<\/strong><\/p>\n<p>Programowy system komunikacji KX-NSV300 umo\u017cliwia przypisanie pojedynczego numeru do dowolnego urz\u0105dzenia: telefonu stacjonarnego (typu SIP lub w technologii systemowej), bezprzewodowego czy programowego (dzia\u0142aj\u0105cego na komputerze lub urz\u0105dzeniu mobilnym).<\/p>\n<p><strong>Chmura prywatna<\/strong><\/p>\n<p>Firma maj\u0105ca w\u0142asn\u0105 infrastruktur\u0119 obs\u0142uguj\u0105c\u0105 chmur\u0119 nie musi polega\u0107 na wsparciu ani us\u0142ugach stron trzecich, co zapewnia jej wi\u0119ksz\u0105 kontrol\u0119, bezpiecze\u0144stwo i oszcz\u0119dno\u015bci.<\/p>\n<p><strong>My Portal<\/strong><\/p>\n<p>Korzystaj\u0105c z internetowego interfejsu u\u017cytkownika \u201eMy Portal\u201d, ka\u017cdy u\u017cytkownik mo\u017ce obs\u0142ugiwa\u0107 swoje funkcje i dostosowywa\u0107 ustawienia ujednoliconej obs\u0142ugi wiadomo\u015bci bez znajomo\u015bci kod\u00f3w funkcji czy programowania zwi\u0105zanych z programowym systemem komunikacji.<\/p>\n<p>&nbsp;<\/p>\n<p>&nbsp;<\/p>\n<p><strong>Inteligentne stanowisko pracy<\/strong><\/p>\n<p>Funkcja jednego numeru pozwala na automatyczne przekazywanie wszystkich informacji z klienta mobilnego na wybrane przez u\u017cytkownika urz\u0105dzenie, dzi\u0119ki czemu po\u0142\u0105czenia przychodz\u0105ce s\u0105 zawsze przekierowywane do u\u017cytkownika.<\/p>\n<p>&nbsp;<\/p>\n<p><strong>Scentralizowane zarz\u0105dzanie<\/strong><\/p>\n<p>Dzi\u0119ki mo\u017cliwo\u015bciom infrastruktury sieci IP wystarczy obs\u0142uga zdalna przez jednego administratora.<\/p>\n<p>&nbsp;<\/p>\n<p><strong>Najnowocze\u015bniejsza integracja<\/strong><\/p>\n<p>System integruje si\u0119 r\u00f3wnie\u017c z rozwi\u0105zaniem komunikacyjnym Panasonic UC Pro i technologiami mobilnej telefonii programowej, zapewniaj\u0105c elastyczno\u015b\u0107 i dost\u0119p do wielu funkcji.<\/p>\n","protected":false},"excerpt":{"rendered":"<p>KX-NSV300 \u00a0 Po\u0142\u0105czenie najwi\u0119kszych zalet obu tych \u015bwiat\u00f3w \u00a0 Programowy system komunikacji KX-NSV300 firmy Panasonic zosta\u0142 stworzony, aby sprosta\u0107 wymaganiom wsp\u00f3\u0142czesnych elastycznych \u015brodowisk pracy. \u0141\u0105czy \u015bwiat rzeczywisty z wirtualnym, zapewniaj\u0105c zupe\u0142nie nowy poziom komunikacji. System KX-NSV300 umo\u017cliwia przej\u015bcie ze sprz\u0119towego serwera komunikacji biznesowej do programowego systemu komunikacji bez obni\u017cania niezawodno\u015bci ani wydajno\u015bci, z kt\u00f3rej s\u0142ynie [&hellip;]<\/p>\n","protected":false},"featured_media":240,"comment_status":"closed","ping_status":"closed","template":"","meta":[],"product_cat":[17,23],"product_tag":[],"class_list":{"0":"post-239","1":"product","2":"type-product","3":"status-publish","4":"has-post-thumbnail","6":"product_cat-telekomunikacja","7":"product_cat-centrala-i-serwery-telekomunikacyjne","9":"first","10":"instock","11":"shipping-taxable","12":"product-type-simple"},"_links":{"self":[{"href":"https:\/\/centrum-teleinformatyki.pl\/index.php?rest_route=\/wp\/v2\/product\/239","targetHints":{"allow":["GET"]}}],"collection":[{"href":"https:\/\/centrum-teleinformatyki.pl\/index.php?rest_route=\/wp\/v2\/product"}],"about":[{"href":"https:\/\/centrum-teleinformatyki.pl\/index.php?rest_route=\/wp\/v2\/types\/product"}],"replies":[{"embeddable":true,"href":"https:\/\/centrum-teleinformatyki.pl\/index.php?rest_route=%2Fwp%2Fv2%2Fcomments&post=239"}],"wp:featuredmedia":[{"embeddable":true,"href":"https:\/\/centrum-teleinformatyki.pl\/index.php?rest_route=\/wp\/v2\/media\/240"}],"wp:attachment":[{"href":"https:\/\/centrum-teleinformatyki.pl\/index.php?rest_route=%2Fwp%2Fv2%2Fmedia&parent=239"}],"wp:term":[{"taxonomy":"product_cat","embeddable":true,"href":"https:\/\/centrum-teleinformatyki.pl\/index.php?rest_route=%2Fwp%2Fv2%2Fproduct_cat&post=239"},{"taxonomy":"product_tag","embeddable":true,"href":"https:\/\/centrum-teleinformatyki.pl\/index.php?rest_route=%2Fwp%2Fv2%2Fproduct_tag&post=239"}],"curies":[{"name":"wp","href":"https:\/\/api.w.org\/{rel}","templated":true}]}}