{"id":266,"date":"2023-10-05T12:55:03","date_gmt":"2023-10-05T10:55:03","guid":{"rendered":"http:\/\/centrum-teleinformatyki.pl\/?post_type=product&#038;p=266"},"modified":"2023-10-05T12:55:03","modified_gmt":"2023-10-05T10:55:03","slug":"kx-nt680-telefon-systemowy-ip-panasonic","status":"publish","type":"product","link":"https:\/\/centrum-teleinformatyki.pl\/?product=kx-nt680-telefon-systemowy-ip-panasonic","title":{"rendered":"KX-NT680 Telefon systemowy IP Panasonic"},"content":{"rendered":"<div class=\"pn_2\"><span class=\"fr tr\">\u00a0<\/span><\/div>\n<p><b>KX-NT680 Telefon systemowy IP Panasonic<\/b><\/p>\n<ul>\n<li>Du\u017cy, kolorowy graficzny wy\u015bwietlacz LCD 4.3&#8221; z pod\u015bwietleniem<\/li>\n<li>48 programowalnych przycisk\u00f3w z dwukolorowym pod\u015bwietleniem (4 strony po 12 przycisk\u00f3w)<\/li>\n<li>Szyfrowanie po\u0142\u0105cze\u0144 g\u0142osowych (SRTP)<\/li>\n<li>Wbudowany modu\u0142 Bluetooth<\/li>\n<li>Wbudowane 2 porty Ethernet gigabitowe (1000 Base-TX)<\/li>\n<li>Zasilanie poprzez PoE lub opcjonalny zasilacz KX-A424<\/li>\n<li>Gniazdo do elektronicznego podno\u015bnika s\u0142uchawki (EHS)<\/li>\n<li>Gniazdo do zestawu s\u0142uchawkowego (2.5mm)<\/li>\n<li>Wbudowany system g\u0142o\u015bno m\u00f3wi\u0105cy (Full Duplex)<\/li>\n<li>Mo\u017cliwo\u015b\u0107 monta\u017cu na \u015bcianie<\/li>\n<li>Menu aparatu w j\u0119zyku polskim<\/li>\n<\/ul>\n","protected":false},"excerpt":{"rendered":"<p>\u00a0 KX-NT680 Telefon systemowy IP Panasonic Du\u017cy, kolorowy graficzny wy\u015bwietlacz LCD 4.3&#8221; z pod\u015bwietleniem 48 programowalnych przycisk\u00f3w z dwukolorowym pod\u015bwietleniem (4 strony po 12 przycisk\u00f3w) Szyfrowanie po\u0142\u0105cze\u0144 g\u0142osowych (SRTP) Wbudowany modu\u0142 Bluetooth Wbudowane 2 porty Ethernet gigabitowe (1000 Base-TX) Zasilanie poprzez PoE lub opcjonalny zasilacz KX-A424 Gniazdo do elektronicznego podno\u015bnika s\u0142uchawki (EHS) Gniazdo do zestawu [&hellip;]<\/p>\n","protected":false},"featured_media":267,"comment_status":"closed","ping_status":"closed","template":"","meta":[],"product_cat":[17,24,32],"product_tag":[],"class_list":{"0":"post-266","1":"product","2":"type-product","3":"status-publish","4":"has-post-thumbnail","6":"product_cat-telekomunikacja","7":"product_cat-aparaty-telefoniczne","8":"product_cat-aparaty-telefoniczne-panasonic","10":"first","11":"instock","12":"shipping-taxable","13":"product-type-simple"},"_links":{"self":[{"href":"https:\/\/centrum-teleinformatyki.pl\/index.php?rest_route=\/wp\/v2\/product\/266","targetHints":{"allow":["GET"]}}],"collection":[{"href":"https:\/\/centrum-teleinformatyki.pl\/index.php?rest_route=\/wp\/v2\/product"}],"about":[{"href":"https:\/\/centrum-teleinformatyki.pl\/index.php?rest_route=\/wp\/v2\/types\/product"}],"replies":[{"embeddable":true,"href":"https:\/\/centrum-teleinformatyki.pl\/index.php?rest_route=%2Fwp%2Fv2%2Fcomments&post=266"}],"wp:featuredmedia":[{"embeddable":true,"href":"https:\/\/centrum-teleinformatyki.pl\/index.php?rest_route=\/wp\/v2\/media\/267"}],"wp:attachment":[{"href":"https:\/\/centrum-teleinformatyki.pl\/index.php?rest_route=%2Fwp%2Fv2%2Fmedia&parent=266"}],"wp:term":[{"taxonomy":"product_cat","embeddable":true,"href":"https:\/\/centrum-teleinformatyki.pl\/index.php?rest_route=%2Fwp%2Fv2%2Fproduct_cat&post=266"},{"taxonomy":"product_tag","embeddable":true,"href":"https:\/\/centrum-teleinformatyki.pl\/index.php?rest_route=%2Fwp%2Fv2%2Fproduct_tag&post=266"}],"curies":[{"name":"wp","href":"https:\/\/api.w.org\/{rel}","templated":true}]}}