{"id":269,"date":"2023-10-05T12:57:47","date_gmt":"2023-10-05T10:57:47","guid":{"rendered":"http:\/\/centrum-teleinformatyki.pl\/?post_type=product&#038;p=269"},"modified":"2023-10-05T12:57:47","modified_gmt":"2023-10-05T10:57:47","slug":"kx-dt521-cyfrowy-telefon-systemowy-panasonic","status":"publish","type":"product","link":"https:\/\/centrum-teleinformatyki.pl\/?product=kx-dt521-cyfrowy-telefon-systemowy-panasonic","title":{"rendered":"KX-DT521 Cyfrowy telefon systemowy Panasonic"},"content":{"rendered":"<p><strong>Cyfrowy telefon systemowy KX-DT521<\/p>\n<p><\/strong>Podstawowy cyfrowy telefon systemowy z 1- wierszowym pod\u015bwietlanym wy\u015bwietlaczem, 8 programowalnymi klawiszami i systemem g\u0142o\u015bnom\u00f3wi\u0105cym pracuj\u0105cym w trybie pe\u0142nego dupleksu:<\/p>\n<ul>\n<li>1-wierszowy graficzny wy\u015bwietlacz LCD z\u00a0pod\u015bwietleniem<\/li>\n<li>8 swobodnie programowalnych klawiszy funkcyjnych<\/li>\n<li>system g\u0142o\u015bnom\u00f3wi\u0105cy, s\u0142uchawka i\u00a0zestaw s\u0142uchawkowy pracuj\u0105ce w\u00a0pe\u0142nym dupleksie<\/li>\n<li>dost\u0119pne w\u00a0kolorze bia\u0142ym i\u00a0czarnym<\/li>\n<\/ul>\n<p>Telefon przeznaczony do wsp\u00f3\u0142pracy z: KX-TDE100, KX-TDE200, KX-TDE600, KX-NCP500, KX-NCP1000, KX-TDA100, KX-TDA600, KX-NS500, KX-NS700<strong>.<\/strong><\/p>\n<p>&nbsp;<\/p>\n","protected":false},"excerpt":{"rendered":"<p>Cyfrowy telefon systemowy KX-DT521 Podstawowy cyfrowy telefon systemowy z 1- wierszowym pod\u015bwietlanym wy\u015bwietlaczem, 8 programowalnymi klawiszami i systemem g\u0142o\u015bnom\u00f3wi\u0105cym pracuj\u0105cym w trybie pe\u0142nego dupleksu: 1-wierszowy graficzny wy\u015bwietlacz LCD z\u00a0pod\u015bwietleniem 8 swobodnie programowalnych klawiszy funkcyjnych system g\u0142o\u015bnom\u00f3wi\u0105cy, s\u0142uchawka i\u00a0zestaw s\u0142uchawkowy pracuj\u0105ce w\u00a0pe\u0142nym dupleksie dost\u0119pne w\u00a0kolorze bia\u0142ym i\u00a0czarnym Telefon przeznaczony do wsp\u00f3\u0142pracy z: KX-TDE100, KX-TDE200, KX-TDE600, KX-NCP500, [&hellip;]<\/p>\n","protected":false},"featured_media":270,"comment_status":"closed","ping_status":"closed","template":"","meta":[],"product_cat":[17,24,32],"product_tag":[],"class_list":{"0":"post-269","1":"product","2":"type-product","3":"status-publish","4":"has-post-thumbnail","6":"product_cat-telekomunikacja","7":"product_cat-aparaty-telefoniczne","8":"product_cat-aparaty-telefoniczne-panasonic","10":"first","11":"instock","12":"shipping-taxable","13":"product-type-simple"},"_links":{"self":[{"href":"https:\/\/centrum-teleinformatyki.pl\/index.php?rest_route=\/wp\/v2\/product\/269","targetHints":{"allow":["GET"]}}],"collection":[{"href":"https:\/\/centrum-teleinformatyki.pl\/index.php?rest_route=\/wp\/v2\/product"}],"about":[{"href":"https:\/\/centrum-teleinformatyki.pl\/index.php?rest_route=\/wp\/v2\/types\/product"}],"replies":[{"embeddable":true,"href":"https:\/\/centrum-teleinformatyki.pl\/index.php?rest_route=%2Fwp%2Fv2%2Fcomments&post=269"}],"wp:featuredmedia":[{"embeddable":true,"href":"https:\/\/centrum-teleinformatyki.pl\/index.php?rest_route=\/wp\/v2\/media\/270"}],"wp:attachment":[{"href":"https:\/\/centrum-teleinformatyki.pl\/index.php?rest_route=%2Fwp%2Fv2%2Fmedia&parent=269"}],"wp:term":[{"taxonomy":"product_cat","embeddable":true,"href":"https:\/\/centrum-teleinformatyki.pl\/index.php?rest_route=%2Fwp%2Fv2%2Fproduct_cat&post=269"},{"taxonomy":"product_tag","embeddable":true,"href":"https:\/\/centrum-teleinformatyki.pl\/index.php?rest_route=%2Fwp%2Fv2%2Fproduct_tag&post=269"}],"curies":[{"name":"wp","href":"https:\/\/api.w.org\/{rel}","templated":true}]}}