{"id":284,"date":"2023-10-05T13:12:27","date_gmt":"2023-10-05T11:12:27","guid":{"rendered":"http:\/\/centrum-teleinformatyki.pl\/?post_type=product&#038;p=284"},"modified":"2023-10-05T13:12:27","modified_gmt":"2023-10-05T11:12:27","slug":"slican-cts-220-ip-telefon-systemowy-ip","status":"publish","type":"product","link":"https:\/\/centrum-teleinformatyki.pl\/?product=slican-cts-220-ip-telefon-systemowy-ip","title":{"rendered":"Slican CTS-220.IP Telefon systemowy IP"},"content":{"rendered":"<p><strong>SLICAN CTS-220.IP<\/strong><\/p>\n<p>Telefon systemowy IP z WiFi. Doskonale sprawdzi si\u0119 w biurze, recepcji czy hotelu. Wystarczy pod\u0142\u0105czy\u0107 telefon do sieci LAN przedsi\u0119biorstwa lub w dowolnym innym miejscu z dost\u0119pem do Internetu. Przyciski BLF zapewniaj\u0105 natychmiastowy podgl\u0105d stanu wybranych abonent\u00f3w centrali.<\/p>\n<p><strong>Cechy szczeg\u00f3lne<\/strong><\/p>\n<ul>\n<li>Funkcje ECO oszcz\u0119dzaj\u0105ce energi\u0119<\/li>\n<li>Bezobs\u0142ugowa automatyczna synchronizacja z serwerem Slican \u2013 instalacja Plug and Play<\/li>\n<li>Szyfrowana transmisja sygnalizacji oraz akustyki<\/li>\n<li>Opcjonalny modu\u0142 WiFi, dzi\u0119ki kt\u00f3remu mo\u017cna pod\u0142\u0105czy\u0107 sie do firmowej sieci LAN<\/li>\n<li>8 przycisk\u00f3w BLF<\/li>\n<li>Mo\u017cliwo\u015b\u0107 do\u0142\u0105czenia czterech konsol rozszerzaj\u0105cych CTS-338<\/li>\n<li>Obs\u0142ugiwane przewodowe s\u0142uchawki nag\u0142owne o impedancji nie wi\u0119kszej ni\u017c 40 Ohm<\/li>\n<li>SWITCH \u2013 dwuportowy prze\u0142\u0105cznik sieci LAN<\/li>\n<li>Indywidualna nazwa w\u0142asna telefonu<\/li>\n<li>5 melodii dzwonka<\/li>\n<li>Indywidualny dzwonek domofonu<\/li>\n<li>12 stopni regulacji g\u0142o\u015bno\u015bci dzwonka<\/li>\n<li>Regulowana g\u0142o\u015bno\u015b\u0107 trybu g\u0142o\u015bnom\u00f3wi\u0105cego, s\u0142uchawki przewodowej i zestawu s\u0142uchawkowego<\/li>\n<li>Automatyczny upgrade software telefonu<\/li>\n<\/ul>\n","protected":false},"excerpt":{"rendered":"<p>SLICAN CTS-220.IP Telefon systemowy IP z WiFi. Doskonale sprawdzi si\u0119 w biurze, recepcji czy hotelu. Wystarczy pod\u0142\u0105czy\u0107 telefon do sieci LAN przedsi\u0119biorstwa lub w dowolnym innym miejscu z dost\u0119pem do Internetu. Przyciski BLF zapewniaj\u0105 natychmiastowy podgl\u0105d stanu wybranych abonent\u00f3w centrali. Cechy szczeg\u00f3lne Funkcje ECO oszcz\u0119dzaj\u0105ce energi\u0119 Bezobs\u0142ugowa automatyczna synchronizacja z serwerem Slican \u2013 instalacja Plug [&hellip;]<\/p>\n","protected":false},"featured_media":285,"comment_status":"closed","ping_status":"closed","template":"","meta":[],"product_cat":[17,24,34],"product_tag":[],"class_list":{"0":"post-284","1":"product","2":"type-product","3":"status-publish","4":"has-post-thumbnail","6":"product_cat-telekomunikacja","7":"product_cat-aparaty-telefoniczne","8":"product_cat-aparaty-telefoniczne-slican","10":"first","11":"instock","12":"shipping-taxable","13":"product-type-simple"},"_links":{"self":[{"href":"https:\/\/centrum-teleinformatyki.pl\/index.php?rest_route=\/wp\/v2\/product\/284","targetHints":{"allow":["GET"]}}],"collection":[{"href":"https:\/\/centrum-teleinformatyki.pl\/index.php?rest_route=\/wp\/v2\/product"}],"about":[{"href":"https:\/\/centrum-teleinformatyki.pl\/index.php?rest_route=\/wp\/v2\/types\/product"}],"replies":[{"embeddable":true,"href":"https:\/\/centrum-teleinformatyki.pl\/index.php?rest_route=%2Fwp%2Fv2%2Fcomments&post=284"}],"wp:featuredmedia":[{"embeddable":true,"href":"https:\/\/centrum-teleinformatyki.pl\/index.php?rest_route=\/wp\/v2\/media\/285"}],"wp:attachment":[{"href":"https:\/\/centrum-teleinformatyki.pl\/index.php?rest_route=%2Fwp%2Fv2%2Fmedia&parent=284"}],"wp:term":[{"taxonomy":"product_cat","embeddable":true,"href":"https:\/\/centrum-teleinformatyki.pl\/index.php?rest_route=%2Fwp%2Fv2%2Fproduct_cat&post=284"},{"taxonomy":"product_tag","embeddable":true,"href":"https:\/\/centrum-teleinformatyki.pl\/index.php?rest_route=%2Fwp%2Fv2%2Fproduct_tag&post=284"}],"curies":[{"name":"wp","href":"https:\/\/api.w.org\/{rel}","templated":true}]}}