{"id":288,"date":"2023-10-05T13:14:34","date_gmt":"2023-10-05T11:14:34","guid":{"rendered":"http:\/\/centrum-teleinformatyki.pl\/?post_type=product&#038;p=288"},"modified":"2023-10-05T13:14:34","modified_gmt":"2023-10-05T11:14:34","slug":"288","status":"publish","type":"product","link":"https:\/\/centrum-teleinformatyki.pl\/?product=288","title":{"rendered":""},"content":{"rendered":"<p><strong>SLICAN VPS-912G<\/strong><\/p>\n<p>Uniwersalny telefon IP z dwoma portami gigabitowymi to odpowied\u017a na rosn\u0105ce wymagania firmowych sieci IP. D\u017awi\u0119k HD, czytelny du\u017cy pod\u015bwietlany wy\u015bwietlacz oraz funkcjonalne przyciski BLF pozwalaj\u0105 na efektywne korzystanie z telefonu i dost\u0119pnych zasob\u00f3w sieciowych.<\/p>\n<p>Menu telefonu dost\u0119pne jest w j\u0119zyku polskim i j\u0119zyku angielskim. Bogata funkcjonalno\u015b\u0107, \u0142atwa obs\u0142uga i wsp\u00f3\u0142czesny design to g\u0142\u00f3wne atuty tego modelu telefonu.<\/p>\n<p><strong>Cechy szczeg\u00f3lne<\/strong><\/p>\n<ul>\n<li>Obs\u0142uga 2 kont VoIP (SIP 2.0)<\/li>\n<li>Identyfikacja numeru po\u0142\u0105czenia przychodz\u0105cego CLIP<\/li>\n<li>Programowalne klawisze funkcyjne<\/li>\n<li>Mo\u017cliwo\u015b\u0107 pod\u0142\u0105czenia przewodowych s\u0142uchawek nag\u0142ownych za pomoc\u0105 z\u0142\u0105cza typu RJ9<\/li>\n<li>Interfejs WEB GUI do konfiguracji telefonu<\/li>\n<li>5-stronna konferencja<\/li>\n<li>Poczta g\u0142osowa z obs\u0142ug\u0105 MWI<\/li>\n<li>Zarz\u0105dzanie kontami VoIP podczas obs\u0142ugi po\u0142\u0105cze\u0144<\/li>\n<li>Ksi\u0105\u017cka telefoniczna XML\/LDAP oraz lokalna na 1000 pozycji<\/li>\n<li>Regulacja g\u0142o\u015bno\u015bci dzwonka<\/li>\n<li>Historia po\u0142\u0105cze\u0144 nieodebranych\/przychodz\u0105cych\/wychodz\u0105cych<\/li>\n<li>Aktualizacja oprogramowania przez Internet<\/li>\n<li>Wygaszacz ekranu<\/li>\n<\/ul>\n<p>* Busy Lamp Field \/ Informacja o stanie zaj\u0119to\u015bci \u2013 dost\u0119pne z urz\u0105dzeniami obs\u0142uguj\u0105cymi funkcjonalno\u015b\u0107 BLF<\/p>\n","protected":false},"excerpt":{"rendered":"<p>SLICAN VPS-912G Uniwersalny telefon IP z dwoma portami gigabitowymi to odpowied\u017a na rosn\u0105ce wymagania firmowych sieci IP. D\u017awi\u0119k HD, czytelny du\u017cy pod\u015bwietlany wy\u015bwietlacz oraz funkcjonalne przyciski BLF pozwalaj\u0105 na efektywne korzystanie z telefonu i dost\u0119pnych zasob\u00f3w sieciowych. Menu telefonu dost\u0119pne jest w j\u0119zyku polskim i j\u0119zyku angielskim. Bogata funkcjonalno\u015b\u0107, \u0142atwa obs\u0142uga i wsp\u00f3\u0142czesny design to [&hellip;]<\/p>\n","protected":false},"featured_media":289,"comment_status":"closed","ping_status":"closed","template":"","meta":[],"product_cat":[17,24,34],"product_tag":[],"class_list":{"0":"post-288","1":"product","2":"type-product","3":"status-publish","4":"has-post-thumbnail","6":"product_cat-telekomunikacja","7":"product_cat-aparaty-telefoniczne","8":"product_cat-aparaty-telefoniczne-slican","10":"first","11":"instock","12":"shipping-taxable","13":"product-type-simple"},"_links":{"self":[{"href":"https:\/\/centrum-teleinformatyki.pl\/index.php?rest_route=\/wp\/v2\/product\/288","targetHints":{"allow":["GET"]}}],"collection":[{"href":"https:\/\/centrum-teleinformatyki.pl\/index.php?rest_route=\/wp\/v2\/product"}],"about":[{"href":"https:\/\/centrum-teleinformatyki.pl\/index.php?rest_route=\/wp\/v2\/types\/product"}],"replies":[{"embeddable":true,"href":"https:\/\/centrum-teleinformatyki.pl\/index.php?rest_route=%2Fwp%2Fv2%2Fcomments&post=288"}],"wp:featuredmedia":[{"embeddable":true,"href":"https:\/\/centrum-teleinformatyki.pl\/index.php?rest_route=\/wp\/v2\/media\/289"}],"wp:attachment":[{"href":"https:\/\/centrum-teleinformatyki.pl\/index.php?rest_route=%2Fwp%2Fv2%2Fmedia&parent=288"}],"wp:term":[{"taxonomy":"product_cat","embeddable":true,"href":"https:\/\/centrum-teleinformatyki.pl\/index.php?rest_route=%2Fwp%2Fv2%2Fproduct_cat&post=288"},{"taxonomy":"product_tag","embeddable":true,"href":"https:\/\/centrum-teleinformatyki.pl\/index.php?rest_route=%2Fwp%2Fv2%2Fproduct_tag&post=288"}],"curies":[{"name":"wp","href":"https:\/\/api.w.org\/{rel}","templated":true}]}}