{"id":290,"date":"2023-10-05T13:15:56","date_gmt":"2023-10-05T11:15:56","guid":{"rendered":"http:\/\/centrum-teleinformatyki.pl\/?post_type=product&#038;p=290"},"modified":"2023-10-05T13:15:56","modified_gmt":"2023-10-05T11:15:56","slug":"slican-cts-330-cl-telefon-systemowy","status":"publish","type":"product","link":"https:\/\/centrum-teleinformatyki.pl\/?product=slican-cts-330-cl-telefon-systemowy","title":{"rendered":"Slican CTS-330.CL Telefon systemowy"},"content":{"rendered":"<p><strong>SLICAN CTS-330.CL<\/strong><\/p>\n<p>Telefon systemowy dla firm oczekuj\u0105cych wysokiej jako\u015bci telefonu w po\u0142\u0105czeniu z jego mo\u017cliwo\u015bciami. Dotykowy wy\u015bwietlacz i 19 przycisk\u00f3w BLF pozwala na efektywne zarz\u0105dzanie po\u0142\u0105czeniami i kontaktami. Doskonale sprawdzi si\u0119 w sekretariacie czy recepcji. Wsp\u00f3\u0142pracuje\u00a0 z centralami Slican NCP, IPL-256, IPM-032, IPU-014.<\/p>\n<p><strong>Cechy szczeg\u00f3lne<\/strong><\/p>\n<ul>\n<li>Kolorowy ekran dotykowy z dodatkowym polem 5 programowalnych przycisk\u00f3w<\/li>\n<li>4-kierunkowe k\u00f3\u0142ko nawigacji<\/li>\n<li>Czysty i dynamiczny d\u017awi\u0119k<\/li>\n<li>Zr\u00f3\u017cnicowane dzwonki dla r\u00f3\u017cnych kategorii po\u0142\u0105cze\u0144<\/li>\n<li>Obs\u0142uga 5 linii<\/li>\n<li>Mo\u017cliwo\u015b\u0107 do\u0142\u0105czenia czterech konsol rozszerzaj\u0105cych CTS-338<\/li>\n<li>Gniazdo zestawu s\u0142uchawkowego oraz gniazdo mikrofonu<\/li>\n<li>Mo\u017cliwo\u015b\u0107 korzystania z przewodowych s\u0142uchawek nag\u0142ownych (o impedancji nie wi\u0119kszej ni\u017c 40 Ohm) pod\u0142\u0105czanych za pomoc\u0105 z\u0142\u0105cza typu 2\u00d73.5 mm JACK<\/li>\n<li>Mo\u017cliwo\u015b\u0107 korzystania ze s\u0142uchawek nag\u0142ownych bezprzewodowych z funkcj\u0105 EHS (Electronic Hook Switch) dzi\u0119ki adapterowi CTS-DHSG<\/li>\n<li>Obs\u0142uga po\u0142\u0105cze\u0144 konferencyjnych<\/li>\n<li>Realizacja klasycznych funkcji centralowych<\/li>\n<li>Obs\u0142uga zaawansowanych funkcji nagrywania<\/li>\n<li>Wsparcie dla pracy mobilnej \u2013 Slican MobilePhone<\/li>\n<li>Blokada \/ aktywacja telefonu indywidualnym kodem u\u017cytkownika<\/li>\n<li>Lista po\u0142\u0105cze\u0144 odebranych, nieodebranych, wybieranych numer\u00f3w<\/li>\n<li>Publiczna i prywatna ksi\u0105\u017cka telefoniczna oraz lista numer\u00f3w wewn\u0119trznych<\/li>\n<li>Prezentacja czasu i kosztu po\u0142\u0105czenia<\/li>\n<li>Instalacja \u201ePlug and Play\u201d<\/li>\n<li>Funkcje ECO oszcz\u0119dzaj\u0105ce energi\u0119<\/li>\n<li>Synchronizacja z komputerem \u2013 Slican PhoneCTI \/ Slican WebCTI<\/li>\n<\/ul>\n","protected":false},"excerpt":{"rendered":"<p>SLICAN CTS-330.CL Telefon systemowy dla firm oczekuj\u0105cych wysokiej jako\u015bci telefonu w po\u0142\u0105czeniu z jego mo\u017cliwo\u015bciami. Dotykowy wy\u015bwietlacz i 19 przycisk\u00f3w BLF pozwala na efektywne zarz\u0105dzanie po\u0142\u0105czeniami i kontaktami. Doskonale sprawdzi si\u0119 w sekretariacie czy recepcji. Wsp\u00f3\u0142pracuje\u00a0 z centralami Slican NCP, IPL-256, IPM-032, IPU-014. Cechy szczeg\u00f3lne Kolorowy ekran dotykowy z dodatkowym polem 5 programowalnych przycisk\u00f3w 4-kierunkowe [&hellip;]<\/p>\n","protected":false},"featured_media":291,"comment_status":"closed","ping_status":"closed","template":"","meta":[],"product_cat":[17,24,34],"product_tag":[],"class_list":{"0":"post-290","1":"product","2":"type-product","3":"status-publish","4":"has-post-thumbnail","6":"product_cat-telekomunikacja","7":"product_cat-aparaty-telefoniczne","8":"product_cat-aparaty-telefoniczne-slican","10":"first","11":"instock","12":"shipping-taxable","13":"product-type-simple"},"_links":{"self":[{"href":"https:\/\/centrum-teleinformatyki.pl\/index.php?rest_route=\/wp\/v2\/product\/290","targetHints":{"allow":["GET"]}}],"collection":[{"href":"https:\/\/centrum-teleinformatyki.pl\/index.php?rest_route=\/wp\/v2\/product"}],"about":[{"href":"https:\/\/centrum-teleinformatyki.pl\/index.php?rest_route=\/wp\/v2\/types\/product"}],"replies":[{"embeddable":true,"href":"https:\/\/centrum-teleinformatyki.pl\/index.php?rest_route=%2Fwp%2Fv2%2Fcomments&post=290"}],"wp:featuredmedia":[{"embeddable":true,"href":"https:\/\/centrum-teleinformatyki.pl\/index.php?rest_route=\/wp\/v2\/media\/291"}],"wp:attachment":[{"href":"https:\/\/centrum-teleinformatyki.pl\/index.php?rest_route=%2Fwp%2Fv2%2Fmedia&parent=290"}],"wp:term":[{"taxonomy":"product_cat","embeddable":true,"href":"https:\/\/centrum-teleinformatyki.pl\/index.php?rest_route=%2Fwp%2Fv2%2Fproduct_cat&post=290"},{"taxonomy":"product_tag","embeddable":true,"href":"https:\/\/centrum-teleinformatyki.pl\/index.php?rest_route=%2Fwp%2Fv2%2Fproduct_tag&post=290"}],"curies":[{"name":"wp","href":"https:\/\/api.w.org\/{rel}","templated":true}]}}