{"id":301,"date":"2023-10-05T13:24:04","date_gmt":"2023-10-05T11:24:04","guid":{"rendered":"http:\/\/centrum-teleinformatyki.pl\/?post_type=product&#038;p=301"},"modified":"2023-10-05T13:24:04","modified_gmt":"2023-10-05T11:24:04","slug":"yealink-t29g-telefon-ip-poe","status":"publish","type":"product","link":"https:\/\/centrum-teleinformatyki.pl\/?product=yealink-t29g-telefon-ip-poe","title":{"rendered":"Yealink T29G Telefon IP PoE"},"content":{"rendered":"<p><strong>YEALINK T29G<\/strong><\/p>\n<p>Telefon przewodowy IP PoE<\/p>\n<p><strong>Podstawowe funkcje:<\/strong><\/p>\n<ul>\n<li>16 kont SIP<\/li>\n<li>d\u017awi\u0119k HD<\/li>\n<li>pod\u015bwietlany kolorowy wy\u015bwietlacz 4.3&#8243; 480 x 272 pikseli<\/li>\n<li>2 porty Gigabit Ethernet<\/li>\n<li>wbudowany port USB obs\u0142uguj\u0105cy zestawy s\u0142uchawkowe Bluetooth (za pomoca adapter USB)<\/li>\n<\/ul>\n<p>PoE<\/p>\n<ul>\n<li>obs\u0142uga zestaw\u00f3w s\u0142uchawkowych, EHS<\/li>\n<li>obs\u0142uga modu\u0142\u00f3w rozszerzaj\u0105cych (tzw. sekretarskich)<\/li>\n<\/ul>\n<p>mo\u017cliwo\u015b\u0107 monta\u017cu na \u015bcianie<\/p>\n","protected":false},"excerpt":{"rendered":"<p>YEALINK T29G Telefon przewodowy IP PoE Podstawowe funkcje: 16 kont SIP d\u017awi\u0119k HD pod\u015bwietlany kolorowy wy\u015bwietlacz 4.3&#8243; 480 x 272 pikseli 2 porty Gigabit Ethernet wbudowany port USB obs\u0142uguj\u0105cy zestawy s\u0142uchawkowe Bluetooth (za pomoca adapter USB) PoE obs\u0142uga zestaw\u00f3w s\u0142uchawkowych, EHS obs\u0142uga modu\u0142\u00f3w rozszerzaj\u0105cych (tzw. sekretarskich) mo\u017cliwo\u015b\u0107 monta\u017cu na \u015bcianie<\/p>\n","protected":false},"featured_media":302,"comment_status":"closed","ping_status":"closed","template":"","meta":[],"product_cat":[17,24,35],"product_tag":[],"class_list":{"0":"post-301","1":"product","2":"type-product","3":"status-publish","4":"has-post-thumbnail","6":"product_cat-telekomunikacja","7":"product_cat-aparaty-telefoniczne","8":"product_cat-aparaty-telefoniczne-yealink","10":"first","11":"instock","12":"shipping-taxable","13":"product-type-simple"},"_links":{"self":[{"href":"https:\/\/centrum-teleinformatyki.pl\/index.php?rest_route=\/wp\/v2\/product\/301","targetHints":{"allow":["GET"]}}],"collection":[{"href":"https:\/\/centrum-teleinformatyki.pl\/index.php?rest_route=\/wp\/v2\/product"}],"about":[{"href":"https:\/\/centrum-teleinformatyki.pl\/index.php?rest_route=\/wp\/v2\/types\/product"}],"replies":[{"embeddable":true,"href":"https:\/\/centrum-teleinformatyki.pl\/index.php?rest_route=%2Fwp%2Fv2%2Fcomments&post=301"}],"wp:featuredmedia":[{"embeddable":true,"href":"https:\/\/centrum-teleinformatyki.pl\/index.php?rest_route=\/wp\/v2\/media\/302"}],"wp:attachment":[{"href":"https:\/\/centrum-teleinformatyki.pl\/index.php?rest_route=%2Fwp%2Fv2%2Fmedia&parent=301"}],"wp:term":[{"taxonomy":"product_cat","embeddable":true,"href":"https:\/\/centrum-teleinformatyki.pl\/index.php?rest_route=%2Fwp%2Fv2%2Fproduct_cat&post=301"},{"taxonomy":"product_tag","embeddable":true,"href":"https:\/\/centrum-teleinformatyki.pl\/index.php?rest_route=%2Fwp%2Fv2%2Fproduct_tag&post=301"}],"curies":[{"name":"wp","href":"https:\/\/api.w.org\/{rel}","templated":true}]}}